{"id":102,"date":"2015-03-28T17:58:15","date_gmt":"2015-03-28T15:58:15","guid":{"rendered":"http:\/\/wasp.ee\/?page_id=102"},"modified":"2016-08-02T10:11:09","modified_gmt":"2016-08-02T07:11:09","slug":"kirjanpitopalvelut","status":"publish","type":"page","link":"https:\/\/wasp.ee\/fi\/kirjanpitopalvelut\/","title":{"rendered":"Kirjanpito"},"content":{"rendered":"<p style=\"text-align: justify;\">Jokainen johtaja tiet\u00e4\u00e4, ett\u00e4 olemassa olevan markkinaosuuden kasvattaminen ei riit\u00e4 kovassa kilpailussa p\u00e4rj\u00e4\u00e4miseen, lis\u00e4ksi \u00a0on karsittava kuluja. Yksi vaihtoehdoista on ostaa kirjanpitopalveluja oman kirjanpit\u00e4j\u00e4n palkkaamisen sijasta. Sentyyppisen palvelun ostaminen on edullinen sen vuoksi, ett\u00e4 s\u00e4\u00e4stet\u00e4\u00e4n kirjanpit\u00e4jien kuukausipalkoissa, kirjanpito-ohjelmien hankinnassa ja voidaan helpommin yhten\u00e4ist\u00e4\u00e4 koko yhti\u00f6n kirjanpitoj\u00e4rjestelm\u00e4\u00e4. Autamme Sinua kaikissa tekemisiss\u00e4si!<\/p>\n<p style=\"text-align: justify;\">Asiakkaillemme ovat voimassa hintaedut ja tarjoukset!<\/p>\n<p style=\"text-align: justify;\"><strong>KIRJANPITOPALVELUJEN TIEDOT :<\/strong><\/p>\n<p style=\"text-align: justify;\">Puh:\u00a0+372 6 516 123, GSM: +372 5647 3553, e-mail:\u00a0winvara@winvara.ee Kysy meilt\u00e4 henkil\u00f6kohtaista kirjanpitopalvelujen tarjousta!<\/p>\n<p style=\"text-align: justify;\">PERUSPALVELUJEN HINNAT:<\/p>\n<table width=\"490\">\n<tbody>\n<tr>\n<td>Kirjausten m\u00e4\u00e4r\u00e4<\/td>\n<td>Hinta\/kk<\/td>\n<\/tr>\n<tr>\n<td>1-5<\/td>\n<td>38\u20ac<\/td>\n<\/tr>\n<tr>\n<td>6-10<\/td>\n<td>51\u20ac<\/td>\n<\/tr>\n<tr>\n<td>11-25<\/td>\n<td>80\u20ac<\/td>\n<\/tr>\n<tr>\n<td>26-50<\/td>\n<td>96\u20ac<\/td>\n<\/tr>\n<tr>\n<td>51-\u2026.<\/td>\n<td>150\u20ac-\u2026.\u20ac (kysy tarjousta)<\/td>\n<\/tr>\n<\/tbody>\n<\/table>\n<p style=\"text-align: justify;\">PERUSPALVELUT:<\/p>\n<ol style=\"text-align: justify;\">\n<li>Kirjanpito Viron lains\u00e4\u00e4d\u00e4nn\u00f6n ja hyvien kirjanpitotapojen mukaisesti<\/li>\n<li>Kirjanpitotodisteiden tarkistus ja kirjaus ao. tietokantaan (p\u00e4iv\u00e4kirja, p\u00e4\u00e4kirja)<\/li>\n<li>Kiinte\u00e4n ja k\u00e4ytt\u00f6omaisuuden kirjanpito<\/li>\n<li>Palkanlaskenta<\/li>\n<li>Osto- ja myyntireskontra<\/li>\n<li>Tilinpito selvitysvelvollisten kanssa<\/li>\n<li>Alv-selvitysten laatiminen ja esitt\u00e4minen verovirastolle<\/li>\n<li>Kirjanpidon rekisteriotteet<\/li>\n<li>Veroselvitysten laadinta ja verottajalle toimittaminen<\/li>\n<\/ol>\n<p style=\"text-align: justify;\">LIS\u00c4PALVELUT:<\/p>\n<p style=\"text-align: justify;\">Kirjanpidon aloituspalvelut ja ohjelma asiakkaillemme (Wasp Project) ILMAISEKSI!<\/p>\n<table width=\"490\">\n<tbody>\n<tr style=\"text-align: justify;\">\n<td>Veroselvitysten laadinta ja verottajalle toimittaminen<\/td>\n<td><\/td>\n<\/tr>\n<tr style=\"text-align: justify;\">\n<td>Lis\u00e4tiedot veroselvitykseen<\/td>\n<td><\/td>\n<\/tr>\n<tr style=\"text-align: justify;\">\n<td>Tilastoselvitysten laadinta ja viranomaiselle toimittaminen<\/td>\n<td><\/td>\n<\/tr>\n<tr style=\"text-align: justify;\">\n<td>Kuluselvitysten laadinta<\/td>\n<td><\/td>\n<\/tr>\n<tr style=\"text-align: justify;\">\n<td>Ty\u00f6matkaselvitykset<\/td>\n<td><\/td>\n<\/tr>\n<tr style=\"text-align: justify;\">\n<td>Muut selvitykset tarvittaessa<\/td>\n<td><\/td>\n<\/tr>\n<tr style=\"text-align: justify;\">\n<td>Kirjanpidon pikapalvelut (tase, tuloslaskelma, muut selvitykset)<\/td>\n<td><\/td>\n<\/tr>\n<tr style=\"text-align: justify;\">\n<td>Tilikartan laadinta (kertaty\u00f6)<\/td>\n<td><\/td>\n<\/tr>\n<tr style=\"text-align: justify;\">\n<td>Kirjanpidon aloittaminen (uudelle yhti\u00f6lle VELOITUKSETTA)<\/td>\n<td><\/td>\n<\/tr>\n<\/tbody>\n<\/table>\n<p>(+alv 20%)<\/p>\n","protected":false},"excerpt":{"rendered":"<p>Jokainen johtaja tiet\u00e4\u00e4, ett\u00e4 olemassa olevan markkinaosuuden kasvattaminen ei riit\u00e4 kovassa kilpailussa p\u00e4rj\u00e4\u00e4miseen, lis\u00e4ksi \u00a0on karsittava kuluja. Yksi vaihtoehdoista on ostaa kirjanpitopalveluja oman kirjanpit\u00e4j\u00e4n palkkaamisen sijasta. Sentyyppisen palvelun ostaminen on edullinen sen vuoksi, ett\u00e4 s\u00e4\u00e4stet\u00e4\u00e4n kirjanpit\u00e4jien kuukausipalkoissa, kirjanpito-ohjelmien hankinnassa ja&hellip;<\/p>\n","protected":false},"author":1,"featured_media":0,"parent":0,"menu_order":0,"comment_status":"closed","ping_status":"closed","template":"","meta":{"footnotes":""},"class_list":["post-102","page","type-page","status-publish","hentry"],"acf":[],"_links":{"self":[{"href":"https:\/\/wasp.ee\/fi\/wp-json\/wp\/v2\/pages\/102","targetHints":{"allow":["GET"]}}],"collection":[{"href":"https:\/\/wasp.ee\/fi\/wp-json\/wp\/v2\/pages"}],"about":[{"href":"https:\/\/wasp.ee\/fi\/wp-json\/wp\/v2\/types\/page"}],"author":[{"embeddable":true,"href":"https:\/\/wasp.ee\/fi\/wp-json\/wp\/v2\/users\/1"}],"replies":[{"embeddable":true,"href":"https:\/\/wasp.ee\/fi\/wp-json\/wp\/v2\/comments?post=102"}],"version-history":[{"count":5,"href":"https:\/\/wasp.ee\/fi\/wp-json\/wp\/v2\/pages\/102\/revisions"}],"predecessor-version":[{"id":630,"href":"https:\/\/wasp.ee\/fi\/wp-json\/wp\/v2\/pages\/102\/revisions\/630"}],"wp:attachment":[{"href":"https:\/\/wasp.ee\/fi\/wp-json\/wp\/v2\/media?parent=102"}],"curies":[{"name":"wp","href":"https:\/\/api.w.org\/{rel}","templated":true}]}}