{"id":108,"date":"2015-03-28T18:00:55","date_gmt":"2015-03-28T16:00:55","guid":{"rendered":"http:\/\/wasp.ee\/?page_id=108"},"modified":"2017-03-14T16:16:59","modified_gmt":"2017-03-14T14:16:59","slug":"rekisteritietojen-muuttaminen","status":"publish","type":"page","link":"https:\/\/wasp.ee\/fi\/rekisteritietojen-muuttaminen\/","title":{"rendered":"Rekisteritietojen muuttaminen"},"content":{"rendered":"<p style=\"text-align: justify;\">Jos t\u00e4ytyy muuttaa jo kaupparekisteriss\u00e4 rekister\u00f6idyn yrityksen tietoja,\u00a0opastamme sinut l\u00e4pi koko muutosketjun: neuvomme muutoksen suunnittelussa, valmistelemme tarvittavat asiakirjat, j\u00e4rjest\u00e4mme k\u00e4\u00e4nn\u00f6kset, sovimme notaarin ajat ja toimitamme asiakirjat kaupparekisteriin.<\/p>\n<h3 style=\"text-align: justify;\"><strong>Meill\u00e4 on olemassa ratkaisut, joiden avulla voimme huolehtia muutoksista ilman l\u00e4sn\u00e4oloasi. <\/strong><\/h3>\n<p style=\"text-align: justify;\"><span style=\"text-decoration: underline;\"><strong>Palvelumme:<\/strong><\/span><\/p>\n<ul>\n<li style=\"text-align: justify;\">osoitemuutokset <em>(tarjoamme my\u00f6s osoite-\/virtuaalitoimistopalveluja) <\/em><\/li>\n<li style=\"text-align: justify;\">nimenmuutokset<\/li>\n<li style=\"text-align: justify;\">yhti\u00f6j\u00e4rjestyksen muutokset<\/li>\n<li style=\"text-align: justify;\">hallituksen tai hallintoneuvoston j\u00e4senyyden muutokset<\/li>\n<li style=\"text-align: justify;\">omistajanmuutokset<\/li>\n<li style=\"text-align: justify;\">rekister\u00f6idyn p\u00e4\u00e4oman muutokset<\/li>\n<li style=\"text-align: justify;\">fuusiot \/ jakautumiset \/ transformaatiot<\/li>\n<li style=\"text-align: justify;\">selvitystilat\/konkurssit<\/li>\n<\/ul>\n<p style=\"text-align: justify;\">Vaikka olemme tottuneet tarjoamaan nopeaa palvelua ja useimmissa tapauksissa voimme huolehtia koko prosessista jopa parissa tunnissa, se ei aina ole laista ja m\u00e4\u00e4r\u00e4yksist\u00e4 johtuen mahdollista.<\/p>\n<h2 style=\"text-align: justify;\"><a href=\"https:\/\/wasp.ee\/fi\/yhteystiedot\/\">Ota meihin yhteytt\u00e4<\/a> ja kysy lis\u00e4\u00e4.<\/h2>\n","protected":false},"excerpt":{"rendered":"<p>Jos t\u00e4ytyy muuttaa jo kaupparekisteriss\u00e4 rekister\u00f6idyn yrityksen tietoja,\u00a0opastamme sinut l\u00e4pi koko muutosketjun: neuvomme muutoksen suunnittelussa, valmistelemme tarvittavat asiakirjat, j\u00e4rjest\u00e4mme k\u00e4\u00e4nn\u00f6kset, sovimme notaarin ajat ja toimitamme asiakirjat kaupparekisteriin. Meill\u00e4 on olemassa ratkaisut, joiden avulla voimme huolehtia muutoksista ilman l\u00e4sn\u00e4oloasi. Palvelumme: osoitemuutokset&hellip;<\/p>\n","protected":false},"author":1,"featured_media":0,"parent":0,"menu_order":0,"comment_status":"closed","ping_status":"closed","template":"","meta":{"footnotes":""},"class_list":["post-108","page","type-page","status-publish","hentry"],"acf":[],"_links":{"self":[{"href":"https:\/\/wasp.ee\/fi\/wp-json\/wp\/v2\/pages\/108","targetHints":{"allow":["GET"]}}],"collection":[{"href":"https:\/\/wasp.ee\/fi\/wp-json\/wp\/v2\/pages"}],"about":[{"href":"https:\/\/wasp.ee\/fi\/wp-json\/wp\/v2\/types\/page"}],"author":[{"embeddable":true,"href":"https:\/\/wasp.ee\/fi\/wp-json\/wp\/v2\/users\/1"}],"replies":[{"embeddable":true,"href":"https:\/\/wasp.ee\/fi\/wp-json\/wp\/v2\/comments?post=108"}],"version-history":[{"count":8,"href":"https:\/\/wasp.ee\/fi\/wp-json\/wp\/v2\/pages\/108\/revisions"}],"predecessor-version":[{"id":873,"href":"https:\/\/wasp.ee\/fi\/wp-json\/wp\/v2\/pages\/108\/revisions\/873"}],"wp:attachment":[{"href":"https:\/\/wasp.ee\/fi\/wp-json\/wp\/v2\/media?parent=108"}],"curies":[{"name":"wp","href":"https:\/\/api.w.org\/{rel}","templated":true}]}}