{"id":114,"date":"2015-03-28T18:06:48","date_gmt":"2015-03-28T16:06:48","guid":{"rendered":"http:\/\/wasp.ee\/?page_id=114"},"modified":"2022-01-04T12:38:13","modified_gmt":"2022-01-04T10:38:13","slug":"yhtion-perustaminen-viroon","status":"publish","type":"page","link":"https:\/\/wasp.ee\/fi\/yhtion-perustaminen-viroon\/","title":{"rendered":"Yhti\u00f6n perustaminen Viroon"},"content":{"rendered":"<h3 style=\"text-align: justify;\"><strong>R\u00e4\u00e4t\u00e4l\u00f6idyt yhti\u00f6t: yritysten perustaminen Virossa<\/strong><\/h3>\n<p style=\"text-align: justify;\">Perustusasiakirjojen on oltava notaarin vahvistamia. Kakkien perustajien ja hallitusten j\u00e4senten edellytet\u00e4\u00e4n olevan perustamisella l\u00e4sn\u00e4 tai heid\u00e4n on valtuutettava edustajansa notaarin virallisesti vahvistamalla valtakirjalla.<\/p>\n<p style=\"text-align: justify;\"><strong>Wasp Project auttaa perustamaan Viroon juuri sellaisen yrityksen kuin haluat. Valmistelemme tarvittavat asiakirjat ja autamme asioinnissa, yrityksen perustamisasiakirjojen t\u00e4ytt\u00e4misell\u00e4 kaupparekisteri\u00e4 varten. <\/strong><\/p>\n<p style=\"text-align: justify;\">Rekister\u00f6intiprosessi vie suunnilleen 5 ty\u00f6p\u00e4iv\u00e4\u00e4. Toiminnan voi aloittaa, kun yritys on rekister\u00f6ity. T\u00e4m\u00e4 on t\u00e4rkein syy, miksi <a href=\"https:\/\/wasp.ee\/fi\/toimintavalmis-yritys-viroon\/\">valmisyritykset <\/a>ovat yleens\u00e4 suositumpia.<\/p>\n<h2 style=\"text-align: justify;\">Yrityksen perustamisen yhteydess\u00e4 pyyd\u00e4mme t\u00e4ytt\u00e4m\u00e4\u00e4n kotisivulamme olevan\u00a0<a href=\"https:\/\/wasp.ee\/fi\/valmisyhtion-tilauslomake\/\">tilauskaavakken<\/a>.<\/h2>\n<table width=\"490\">\n<tbody>\n<tr style=\"text-align: justify;\">\n<td width=\"348\"><strong>Rajavastuuyhti\u00f6n perustaminen, 1 henkil\u00f6<\/strong><\/td>\n<td width=\"216\">530\u20ac<\/td>\n<\/tr>\n<tr style=\"text-align: justify;\">\n<td width=\"348\">+ perustaja \/ + toimitusjohtaja<\/td>\n<td width=\"216\">+50\u20ac \/ +20\u20ac<\/td>\n<\/tr>\n<tr style=\"text-align: justify;\">\n<td width=\"348\"><strong>Osakeyhti\u00f6n perustaminen, 1 henkil\u00f6<\/strong><\/td>\n<td width=\"216\">600\u20ac<\/td>\n<\/tr>\n<tr style=\"text-align: justify;\">\n<td width=\"348\">+ perustaja \/ + toimitusjohtaja<\/td>\n<td width=\"216\">+60\u20ac \/ +20\u20ac<\/td>\n<\/tr>\n<tr style=\"text-align: justify;\">\n<td width=\"348\"><strong>Yhti\u00f6n perustaminen et\u00e4toimintona<\/strong><\/td>\n<td width=\"216\">+200\u20ac\/henkil\u00f6<\/td>\n<\/tr>\n<tr style=\"text-align: justify;\">\n<td width=\"348\"><strong>Sivuliikkeen perustaminen<\/strong><\/td>\n<td width=\"216\">500\u20ac + asiakirjojen k\u00e4\u00e4nn\u00e4tt\u00e4minen<\/td>\n<\/tr>\n<tr style=\"text-align: justify;\">\n<td width=\"348\"><strong>+\u00a0<\/strong>toimitusjohtaja<\/td>\n<td width=\"216\">+20<\/td>\n<\/tr>\n<tr style=\"text-align: justify;\">\n<td width=\"348\"><strong>+\u00a0<\/strong>et\u00e4toimintona<\/td>\n<td width=\"216\">+ asiakirjojen k\u00e4\u00e4nn\u00e4tt\u00e4minen<\/td>\n<\/tr>\n<\/tbody>\n<\/table>\n<p style=\"text-align: justify;\">Vaikka toimimme nopeasti ja valmistelemme asiakirjat mahdollisemmin lyhyess\u00e4 ajassa, on suositeltavaa sopia tapaaminen ja <a href=\"https:\/\/wasp.ee\/fi\/yhteystiedot\/\"><strong>l\u00e4hett\u00e4\u00e4 tiedot<\/strong><\/a> vuorokausi <strong>etuk\u00e4teen<\/strong>. T\u00e4m\u00e4 on eritt\u00e4in suositeltavaa silloin, kuin toinen perustajista on juridinen henkil\u00f6\u00a0 tai toimii valtakirjalla<\/p>\n","protected":false},"excerpt":{"rendered":"<p>R\u00e4\u00e4t\u00e4l\u00f6idyt yhti\u00f6t: yritysten perustaminen Virossa Perustusasiakirjojen on oltava notaarin vahvistamia. Kakkien perustajien ja hallitusten j\u00e4senten edellytet\u00e4\u00e4n olevan perustamisella l\u00e4sn\u00e4 tai heid\u00e4n on valtuutettava edustajansa notaarin virallisesti vahvistamalla valtakirjalla. Wasp Project auttaa perustamaan Viroon juuri sellaisen yrityksen kuin haluat. Valmistelemme tarvittavat&hellip;<\/p>\n","protected":false},"author":1,"featured_media":0,"parent":0,"menu_order":0,"comment_status":"closed","ping_status":"closed","template":"","meta":{"footnotes":""},"class_list":["post-114","page","type-page","status-publish","hentry"],"acf":[],"_links":{"self":[{"href":"https:\/\/wasp.ee\/fi\/wp-json\/wp\/v2\/pages\/114","targetHints":{"allow":["GET"]}}],"collection":[{"href":"https:\/\/wasp.ee\/fi\/wp-json\/wp\/v2\/pages"}],"about":[{"href":"https:\/\/wasp.ee\/fi\/wp-json\/wp\/v2\/types\/page"}],"author":[{"embeddable":true,"href":"https:\/\/wasp.ee\/fi\/wp-json\/wp\/v2\/users\/1"}],"replies":[{"embeddable":true,"href":"https:\/\/wasp.ee\/fi\/wp-json\/wp\/v2\/comments?post=114"}],"version-history":[{"count":12,"href":"https:\/\/wasp.ee\/fi\/wp-json\/wp\/v2\/pages\/114\/revisions"}],"predecessor-version":[{"id":1958,"href":"https:\/\/wasp.ee\/fi\/wp-json\/wp\/v2\/pages\/114\/revisions\/1958"}],"wp:attachment":[{"href":"https:\/\/wasp.ee\/fi\/wp-json\/wp\/v2\/media?parent=114"}],"curies":[{"name":"wp","href":"https:\/\/api.w.org\/{rel}","templated":true}]}}