{"id":343,"date":"2015-04-05T14:14:40","date_gmt":"2015-04-05T11:14:40","guid":{"rendered":"http:\/\/wasp.ee\/?page_id=343"},"modified":"2017-03-14T17:04:49","modified_gmt":"2017-03-14T15:04:49","slug":"yritys-viroon","status":"publish","type":"page","link":"https:\/\/wasp.ee\/fi\/yritys-viroon\/","title":{"rendered":"Yritys Viroon &#8211; miksi?"},"content":{"rendered":"<header class=\"entry-header\">\n<h3 class=\"entry-heading top\"><strong>Viroon perustetaan yritys, koska:<\/strong><\/h3>\n<\/header>\n<ul>\n<li style=\"text-align: justify;\">Yritysvero liikevoitosta on Viron yrityksill\u00e4 0 %<\/li>\n<li style=\"text-align: justify;\">Alhaisemmat ty\u00f6voimakustannukset<\/li>\n<li style=\"text-align: justify;\">Kustannukset aloittaa ja yll\u00e4pit\u00e4\u00e4 Virolainen yritys on pieni verrattuna moniin muihin EU-maihin<\/li>\n<li style=\"text-align: justify;\">Hyvin toimiva pankkij\u00e4rjestelm\u00e4<\/li>\n<li style=\"text-align: justify;\">Viron talous on Euroopan vakaimpia ja kasvaa tasaisesti<\/li>\n<li style=\"text-align: justify;\">Asenne yritt\u00e4jyytt\u00e4 kohtaan on my\u00f6nteisempi kuin muualla<\/li>\n<li style=\"text-align: justify;\">Virolainen yritys voi myyd\u00e4 palvelujaan my\u00f6s\u00a0ulkomaille ja saavuttaa merkitt\u00e4v\u00e4n kilpailuedun<\/li>\n<li style=\"text-align: justify;\">Parhaiden kehittynyt henkil\u00f6korttij\u00e4rjestelm\u00e4 maailmassa &#8211; se antaa mahdollisuuden kommunikoida valtion laitosten kanssa ja allekirjoittaa asiakirjoja olematta itse Virossa<\/li>\n<\/ul>\n<p><strong>Hanki Viroon\u00a0<a href=\"https:\/\/wasp.ee\/fi\/toimintavalmis-yritys-viroon\/\">valmis yhti\u00f6<\/a> 2500 \u20ac p\u00e4\u00e4omalla jo parissa tunnissa! Tarvittaessa Wasp Project auttaa sinua <a href=\"https:\/\/wasp.ee\/fi\/yhtion-perustaminen-viroon\/\">perustamaan <\/a>juuri sellaisen yrityksen kuin haluat. <\/strong><\/p>\n<p>Valmistelemme tarvittavat asiakirjat ja autamme asioinnissa, yrityksen perustamisasiakirjojen t\u00e4ytt\u00e4misell\u00e4 kaupparekisteri\u00e4 varten. Edustetaan pankissa ja Verovirastolla: hoidetaan ALV-rekister\u00f6inti, autetaan tilamaan pankkikortit.<\/p>\n<h2 style=\"text-align: justify;\">Valmisyhti\u00f6n tilaamiseksi pyyd\u00e4mme t\u00e4ytt\u00e4m\u00e4n <a href=\"https:\/\/wasp.ee\/fi\/valmisyhtion-tilauslomake\/\">tilauskaavakken<\/a><\/h2>\n","protected":false},"excerpt":{"rendered":"<p>Viroon perustetaan yritys, koska: Yritysvero liikevoitosta on Viron yrityksill\u00e4 0 % Alhaisemmat ty\u00f6voimakustannukset Kustannukset aloittaa ja yll\u00e4pit\u00e4\u00e4 Virolainen yritys on pieni verrattuna moniin muihin EU-maihin Hyvin toimiva pankkij\u00e4rjestelm\u00e4 Viron talous on Euroopan vakaimpia ja kasvaa tasaisesti Asenne yritt\u00e4jyytt\u00e4 kohtaan on&hellip;<\/p>\n","protected":false},"author":1,"featured_media":0,"parent":0,"menu_order":0,"comment_status":"closed","ping_status":"closed","template":"","meta":{"footnotes":""},"class_list":["post-343","page","type-page","status-publish","hentry"],"acf":[],"_links":{"self":[{"href":"https:\/\/wasp.ee\/fi\/wp-json\/wp\/v2\/pages\/343","targetHints":{"allow":["GET"]}}],"collection":[{"href":"https:\/\/wasp.ee\/fi\/wp-json\/wp\/v2\/pages"}],"about":[{"href":"https:\/\/wasp.ee\/fi\/wp-json\/wp\/v2\/types\/page"}],"author":[{"embeddable":true,"href":"https:\/\/wasp.ee\/fi\/wp-json\/wp\/v2\/users\/1"}],"replies":[{"embeddable":true,"href":"https:\/\/wasp.ee\/fi\/wp-json\/wp\/v2\/comments?post=343"}],"version-history":[{"count":9,"href":"https:\/\/wasp.ee\/fi\/wp-json\/wp\/v2\/pages\/343\/revisions"}],"predecessor-version":[{"id":875,"href":"https:\/\/wasp.ee\/fi\/wp-json\/wp\/v2\/pages\/343\/revisions\/875"}],"wp:attachment":[{"href":"https:\/\/wasp.ee\/fi\/wp-json\/wp\/v2\/media?parent=343"}],"curies":[{"name":"wp","href":"https:\/\/api.w.org\/{rel}","templated":true}]}}