{"id":346,"date":"2015-04-05T14:15:25","date_gmt":"2015-04-05T11:15:25","guid":{"rendered":"http:\/\/wasp.ee\/?page_id=346"},"modified":"2017-03-06T15:27:57","modified_gmt":"2017-03-06T13:27:57","slug":"viron-id-kortti","status":"publish","type":"page","link":"https:\/\/wasp.ee\/fi\/viron-id-kortti\/","title":{"rendered":"Viron henkil\u00f6tunnus ja ID-kortti"},"content":{"rendered":"<h3 style=\"text-align: justify;\"><strong>Virossa on taatusti parhaiden kehittynyt henkil\u00f6korttij\u00e4rjestelm\u00e4 maailmassa.<\/strong><\/h3>\n<p style=\"text-align: justify;\">Nyt on mahdollista hakea Viron henkil\u00f6tunnus ja ID-kortti meid\u00e4n avulla.<\/p>\n<p style=\"text-align: justify;\">Viron henkil\u00f6todistuksen saa normaalisti vain siin\u00e4 tapauksessa, jos Virossa on olemassa vakituinen osoite. Jos sellaista osoitetta ei ole, voimme antaa sen 500 euron\u00a0vuosimaksusta. Henkil\u00f6kortin valtiovero on 50\u20ac. Jos k\u00e4yt\u00e4t meid\u00e4n osoitepalvelua niin autamme j\u00e4rjest\u00e4m\u00e4\u00e4n muutokset Viron v\u00e4est\u00f6rekisterissa lis\u00e4maksutta sek\u00e4 tilamaan sinulle Viron ID-kortin.<\/p>\n<p style=\"text-align: justify;\">Viron henkil\u00f6korttia voi k\u00e4ytt\u00e4\u00e4 henkil\u00f6todistuksena matkailuun EU:ssa, mutta liiketoiminnan n\u00e4k\u00f6kulmasta on huomattavasti t\u00e4rke\u00e4mp\u00e4\u00e4, ett\u00e4 sit\u00e4 voi k\u00e4ytt\u00e4\u00e4 virallisiin digitaalisiin allekirjoituksiin. <strong>Digitaalinen allekirjoitus vastaa notaarin vahvistamaa<\/strong>, se antaa mahdollisuuden kommunikoida valtion laitosten kanssa ja allekirjoittaa asiakirjoja olematta itse Virossa. Sen\u00a0avulla voi hoitaa l\u00e4hes kaikki yrityksesi asiat s\u00e4hk\u00f6isesti verkossa.<\/p>\n<p style=\"text-align: justify;\"><strong>Huom!<\/strong> Hyv\u00e4 olisi tiedotta tulostasi eteen ja sopia tapaminen niin kaikki hoituu\u00a0vaan kahden kerran k\u00e4ynnill\u00e4<em>.<\/em><\/p>\n<p style=\"text-align: justify;\">Katso my\u00f6s <a href=\"https:\/\/wasp.ee\/fi\/viron-e-henkilollisyys\/\">e-henkil\u00f6llisyys<\/a><\/p>\n<div class=\"clear\"><\/div>\n","protected":false},"excerpt":{"rendered":"<p>Virossa on taatusti parhaiden kehittynyt henkil\u00f6korttij\u00e4rjestelm\u00e4 maailmassa. Nyt on mahdollista hakea Viron henkil\u00f6tunnus ja ID-kortti meid\u00e4n avulla. Viron henkil\u00f6todistuksen saa normaalisti vain siin\u00e4 tapauksessa, jos Virossa on olemassa vakituinen osoite. Jos sellaista osoitetta ei ole, voimme antaa sen 500 euron\u00a0vuosimaksusta.&hellip;<\/p>\n","protected":false},"author":1,"featured_media":0,"parent":0,"menu_order":0,"comment_status":"closed","ping_status":"closed","template":"","meta":{"footnotes":""},"class_list":["post-346","page","type-page","status-publish","hentry"],"acf":[],"_links":{"self":[{"href":"https:\/\/wasp.ee\/fi\/wp-json\/wp\/v2\/pages\/346","targetHints":{"allow":["GET"]}}],"collection":[{"href":"https:\/\/wasp.ee\/fi\/wp-json\/wp\/v2\/pages"}],"about":[{"href":"https:\/\/wasp.ee\/fi\/wp-json\/wp\/v2\/types\/page"}],"author":[{"embeddable":true,"href":"https:\/\/wasp.ee\/fi\/wp-json\/wp\/v2\/users\/1"}],"replies":[{"embeddable":true,"href":"https:\/\/wasp.ee\/fi\/wp-json\/wp\/v2\/comments?post=346"}],"version-history":[{"count":7,"href":"https:\/\/wasp.ee\/fi\/wp-json\/wp\/v2\/pages\/346\/revisions"}],"predecessor-version":[{"id":817,"href":"https:\/\/wasp.ee\/fi\/wp-json\/wp\/v2\/pages\/346\/revisions\/817"}],"wp:attachment":[{"href":"https:\/\/wasp.ee\/fi\/wp-json\/wp\/v2\/media?parent=346"}],"curies":[{"name":"wp","href":"https:\/\/api.w.org\/{rel}","templated":true}]}}