{"id":353,"date":"2015-04-05T14:20:49","date_gmt":"2015-04-05T11:20:49","guid":{"rendered":"http:\/\/wasp.ee\/?page_id=353"},"modified":"2015-04-15T14:48:37","modified_gmt":"2015-04-15T11:48:37","slug":"viron-e-henkilollisyys","status":"publish","type":"page","link":"https:\/\/wasp.ee\/fi\/viron-e-henkilollisyys\/","title":{"rendered":"Viron e-henkil\u00f6llisyys"},"content":{"rendered":"<div class=\"clear\">\n<h3 style=\"text-align: justify;\"><strong>Ulkomaalaiset voivat hakea digitaalista henkil\u00f6korttia Viroon ilman vakituista osoitetta maahan.<\/strong><\/h3>\n<p style=\"text-align: justify;\">Digitaalinen henkil\u00f6kortti (digital-ID) antaa haltijalleen mahdollisuuden k\u00e4ytt\u00e4\u00e4 Viron julkisen ja yksityisenpuolen palveluita, tarjoaa digitaalisen allekirjoituksen sek\u00e4 mahdollistaa tietojen kryptaamisen Viron henkil\u00f6korttia muistuttavalla sirukortilla.<\/p>\n<p style=\"text-align: justify;\"><strong>E-henkil\u00f6llisyys<\/strong><\/p>\n<p style=\"text-align: justify;\">Henkil\u00f6, joka ei ole Viron kansalainen tai jolla ei ole pysyv\u00e4\u00e4 osoitetta Viroon voi saada digitaalisen henkil\u00f6llisyystodistuksen. Ulkomaalaiset tarvitsevat digitaalista henkil\u00f6todistusta niin julkisella kuin yksityisell\u00e4kin e-hallinnossa.<\/p>\n<p style=\"text-align: justify;\">Digitaalinen henkil\u00f6kortti on samankaltainen sirukortti kuin Viron henkil\u00f6kortti, joka on k\u00e4yt\u00f6ss\u00e4 ainoastaan digitaalisessa ymp\u00e4rist\u00f6ss\u00e4 todentamaan henkil\u00f6llisyyden ja tarjoamaan digitaalisen allekirjoituksen. Sirukortin tarjoama tuki tekee henkil\u00f6llisyyden varmistamisen mahdolliseksi ja digitaalisen allekirjoituksen mahdolliseksi elektronisessa ymp\u00e4rist\u00f6ss\u00e4. Digitaalinen henkil\u00f6kortti ei k\u00e4y kuvallisena tunnistumis keinona tai matkailuun, siksi siihen ei laiteta lainkaan kuvaa.<\/p>\n<p style=\"text-align: justify;\">E-henkil\u00f6llisyys on hy\u00f6dyllinen yritt\u00e4jille, ulkomaalaisille ty\u00f6ntekij\u00f6ille, Virossa operoivien yritysten hallintoelinten j\u00e4senille tai ihmisille jotka ovat kiinnostuneita Viron yrityksist\u00e4 elektronissa toimintaymp\u00e4rist\u00f6ss\u00e4 ja joille on k\u00e4ytt\u00f6\u00e4 e-palveluille. Digitaalisen henkil\u00f6kortin muuttaminen e-henkil\u00f6kortiksi on tehty tukemaan Viron talouskasvua luomalla mahdollisuus k\u00e4ytt\u00e4\u00e4 Viron e-palveluita turvallisella tavalla.<br \/>\nUuden lain tullessa voimaan henkil\u00f6t joilla on e-henkil\u00f6llisyys, voivat k\u00e4ytt\u00e4\u00e4 Viron Kaupparekisteri\u00e4 ja eesti.ee valtion portaalia.<\/p>\n<p style=\"text-align: justify;\">Digitaalinen henkil\u00f6kortti voidaan my\u00f6nt\u00e4\u00e4 henkil\u00f6lle, jolla on yhteys Viron valtioon tai oikeutetut intressit Viron e-palveluihin. Digitaalisen henkil\u00f6kortin my\u00f6nt\u00e4\u00e4 Viron poliisi- ja rajavartiolaitos, n\u00e4iden laitosten ei tarvitse perustella p\u00e4\u00e4t\u00f6ksi\u00e4\u00e4n eik\u00e4 niist\u00e4 voi valittaa oikeuteen. Henkil\u00f6korttia haettaessa hakijan luotettavuus pyrit\u00e4\u00e4n todentamaan kaikin mahdollisin keinoin. Henkil\u00f6kortin voimassaolo aikana tehd\u00e4\u00e4n my\u00f6s j\u00e4lkitarkastuksia. Digitaalisen henkil\u00f6kortin monirointia harjoittavat: poliisi, rajavartiolaitos, Viron sis\u00e4inen turvallisuuspalvelu ja Viron vero- ja tullilaitos.<\/p>\n<p style=\"text-align: justify;\"><strong>Digittaalisen henkl\u00f6kortin hakeaminen<\/strong><\/p>\n<p style=\"text-align: justify;\">Ensimm\u00e4iselle kerralla haettaessa korttia, hakijan on vierailtava Viron poliisiin- ja rajavartiolaitoksen toimipisteess\u00e4 kahdesti, ensimm\u00e4isen kerran j\u00e4tt\u00e4m\u00e4ll\u00e4 hakemus ja toisella kerralla vastaanottamalla dokumentit. Hakijan henkil\u00f6llisyys tarkistetaan heid\u00e4n kotimaassa my\u00f6nnetyst\u00e4 henkil\u00f6llisyystodistuksesta. Lis\u00e4ksi k\u00e4ytet\u00e4\u00e4n kasvojen biotunnistetta sek\u00e4 sormenj\u00e4lki\u00e4. Biotunnisteen k\u00e4ytt\u00e4minen tunnisteena est\u00e4\u00e4 enemm\u00e4n kuin yhden kortin luomista identiteetti\u00e4 kohden. 50 euron suuruinen valtion veloittama palvelumaksu maksetaan e-residencyn my\u00f6nt\u00e4misen yhteydess\u00e4.<\/p>\n<p style=\"text-align: justify;\">Digitaalisen henkil\u00f6kortin hakemuksen arvioiminen vie kymmenen ty\u00f6p\u00e4iv\u00e4\u00e4. Hakemusprosessin aikana henkil\u00f6kohtainen tunnistautumis koodi annetaan hakijalle, jos heill\u00e4 ei ole sellaista viel\u00e4 ole. Jos hakija t\u00e4ytt\u00e4\u00e4 tarvittavat edellytyksetdigitaalisen henkil\u00f6kortin\u00a0saamiseksi ja h\u00e4n l\u00e4p\u00e4isee turvallisuustarkastuksen, digitaalinen henkil\u00f6kortti my\u00f6nnet\u00e4\u00e4n hakijalle palvelupisteell\u00e4 yhdess\u00e4 ohjeiden ja kortin lukijan kanssa.<\/p>\n<p style=\"text-align: justify;\"><strong>S\u00e4hk\u00f6inen allekirjoitus<\/strong><\/p>\n<p style=\"text-align: justify;\">S\u00e4hk\u00f6inen allekirjoitus laki (Digital Signature Act (DAS) ) tuli lainvoimaiseksi Virossa 15.12.2000. Virossa s\u00e4hk\u00f6isell\u00e4 ja k\u00e4sinkirjoitetulla allekirjoituksella on yht\u00e4l\u00e4iset velvollisuudet, ellei niit\u00e4 ole rajoitettu laissa. Viron tuomivallan ulkopuolelle s\u00e4hk\u00f6inen allekirjoitus on ainoastaan p\u00e4tev\u00e4 jos molemmat osapuolet ovat hyv\u00e4ksyneet sen. Digitaaliseen henkil\u00f6korttiin on olemassa kaksi todistusta, toinen niist\u00e4 todistaa henkil\u00f6n tunnistamisen ja toinen todistaa s\u00e4hk\u00f6isen allekirjoituksen. Todistus on s\u00e4hk\u00f6isess\u00e4 muodossa, joka sitoo henkil\u00f6n ja tarvittavat tiedot todistettavasta henkil\u00f6st\u00e4 sek\u00e4 aitouden s\u00e4hk\u00f6isest\u00e4 allekirjoituksesta ja tunnistaa henkil\u00f6n.<\/p>\n<p style=\"text-align: justify;\">S\u00e4hk\u00f6isen allekirjoituksen voi antaa ainoastaan voimassa olevan todistuksen avulla. Allekirjoituksen antamisen j\u00e4lkeen ohjelmisto ottaa yhteyden palvelimen varmentamiskeskukseen ja tarkistaa onko varmenne voimassa- jos se on, varmennekeskus my\u00f6nt\u00e4\u00e4 luvan allekirjoituksen k\u00e4ytt\u00e4miseen.<\/p>\n<p style=\"text-align: justify;\">Digitaalinen henkil\u00f6tunnus tarjoaa mahdollisuuden k\u00e4ytt\u00e4\u00e4 salauspalveluita. Salauspalvelut on tarkoitettu p\u00e4\u00e4asiassa tiedostojen l\u00e4hett\u00e4miseen, ei pitk\u00e4aikais sijoitukseen. Salauksen purkamista varten on annettu salainen avain, joka sijaitsee ainoastaan k\u00e4ytt\u00e4j\u00e4n henkil\u00f6kortissa, joka vastaa julkisen avaimen varmennus sertifikaattia. Jos kortin haltija h\u00e4vitt\u00e4\u00e4 henkil\u00f6korttinsa tai uusii todistuksensa, salauksen purkaminen ei ole en\u00e4\u00e4 mahdollista.<\/p>\n<p style=\"text-align: justify;\"><strong>Saadaksesi lis\u00e4 informaatiota ja apua, soita tai kirjoita meille<\/strong>.<\/p>\n<\/div>\n","protected":false},"excerpt":{"rendered":"<p>Ulkomaalaiset voivat hakea digitaalista henkil\u00f6korttia Viroon ilman vakituista osoitetta maahan. Digitaalinen henkil\u00f6kortti (digital-ID) antaa haltijalleen mahdollisuuden k\u00e4ytt\u00e4\u00e4 Viron julkisen ja yksityisenpuolen palveluita, tarjoaa digitaalisen allekirjoituksen sek\u00e4 mahdollistaa tietojen kryptaamisen Viron henkil\u00f6korttia muistuttavalla sirukortilla. E-henkil\u00f6llisyys Henkil\u00f6, joka ei ole Viron kansalainen&hellip;<\/p>\n","protected":false},"author":1,"featured_media":0,"parent":0,"menu_order":0,"comment_status":"closed","ping_status":"closed","template":"","meta":{"footnotes":""},"class_list":["post-353","page","type-page","status-publish","hentry"],"acf":[],"_links":{"self":[{"href":"https:\/\/wasp.ee\/fi\/wp-json\/wp\/v2\/pages\/353","targetHints":{"allow":["GET"]}}],"collection":[{"href":"https:\/\/wasp.ee\/fi\/wp-json\/wp\/v2\/pages"}],"about":[{"href":"https:\/\/wasp.ee\/fi\/wp-json\/wp\/v2\/types\/page"}],"author":[{"embeddable":true,"href":"https:\/\/wasp.ee\/fi\/wp-json\/wp\/v2\/users\/1"}],"replies":[{"embeddable":true,"href":"https:\/\/wasp.ee\/fi\/wp-json\/wp\/v2\/comments?post=353"}],"version-history":[{"count":4,"href":"https:\/\/wasp.ee\/fi\/wp-json\/wp\/v2\/pages\/353\/revisions"}],"predecessor-version":[{"id":457,"href":"https:\/\/wasp.ee\/fi\/wp-json\/wp\/v2\/pages\/353\/revisions\/457"}],"wp:attachment":[{"href":"https:\/\/wasp.ee\/fi\/wp-json\/wp\/v2\/media?parent=353"}],"curies":[{"name":"wp","href":"https:\/\/api.w.org\/{rel}","templated":true}]}}