{"id":583,"date":"2016-07-19T17:59:10","date_gmt":"2016-07-19T14:59:10","guid":{"rendered":"http:\/\/wasp.ee\/?page_id=583"},"modified":"2017-03-08T13:24:39","modified_gmt":"2017-03-08T11:24:39","slug":"yhtion-lopettaminen","status":"publish","type":"page","link":"https:\/\/wasp.ee\/fi\/yhtion-lopettaminen\/","title":{"rendered":"Viron yhti\u00f6n lopettaminen"},"content":{"rendered":"<p style=\"text-align: justify;\">Neuvomme ja ohjaamme aloittavia paikallisia ja suomalaisyritt\u00e4ji\u00e4 starttaamaan liiketoiminta Virossa. Tarvittaessa autamme my\u00f6s liiketoiminnan lopettamisessa (mahtollista my\u00f6s et\u00e4palveluna).\u00a0Hoidamme nopeasti ja asiallisesti puolestanne byrokratian, paperity\u00f6t, notaariasioinnin ja kirjanpidon.<\/p>\n<p style=\"text-align: justify;\">Lopettamisp\u00e4\u00e4t\u00f6st\u00e4 ja hakemuksen l\u00e4hett\u00e4mist\u00e4 seuraa likvidointi, miss\u00e4 on t\u00e4rke\u00e4\u00e4 noudattaa m\u00e4\u00e4r\u00e4ttyj\u00e4 vaiheita. Yhtens\u00e4 otta prosessi noin 7kk mutta tarjoamme my\u00f6s nopeampia ratkaisuja.<\/p>\n<p style=\"text-align: justify;\">Puhumme sujuvasti suomea, viroa ja englantia. J\u00e4t\u00e4 meille tarjouspyynt\u00f6 tai soita ja <a href=\"https:\/\/wasp.ee\/fi\/yhteystiedot\/\">kysy lis\u00e4\u00e4<\/a>!<\/p>\n<p>&nbsp;<\/p>\n","protected":false},"excerpt":{"rendered":"<p>Neuvomme ja ohjaamme aloittavia paikallisia ja suomalaisyritt\u00e4ji\u00e4 starttaamaan liiketoiminta Virossa. Tarvittaessa autamme my\u00f6s liiketoiminnan lopettamisessa (mahtollista my\u00f6s et\u00e4palveluna).\u00a0Hoidamme nopeasti ja asiallisesti puolestanne byrokratian, paperity\u00f6t, notaariasioinnin ja kirjanpidon. Lopettamisp\u00e4\u00e4t\u00f6st\u00e4 ja hakemuksen l\u00e4hett\u00e4mist\u00e4 seuraa likvidointi, miss\u00e4 on t\u00e4rke\u00e4\u00e4 noudattaa m\u00e4\u00e4r\u00e4ttyj\u00e4 vaiheita. Yhtens\u00e4&hellip;<\/p>\n","protected":false},"author":1,"featured_media":0,"parent":0,"menu_order":0,"comment_status":"closed","ping_status":"closed","template":"","meta":{"footnotes":""},"class_list":["post-583","page","type-page","status-publish","hentry"],"acf":[],"_links":{"self":[{"href":"https:\/\/wasp.ee\/fi\/wp-json\/wp\/v2\/pages\/583","targetHints":{"allow":["GET"]}}],"collection":[{"href":"https:\/\/wasp.ee\/fi\/wp-json\/wp\/v2\/pages"}],"about":[{"href":"https:\/\/wasp.ee\/fi\/wp-json\/wp\/v2\/types\/page"}],"author":[{"embeddable":true,"href":"https:\/\/wasp.ee\/fi\/wp-json\/wp\/v2\/users\/1"}],"replies":[{"embeddable":true,"href":"https:\/\/wasp.ee\/fi\/wp-json\/wp\/v2\/comments?post=583"}],"version-history":[{"count":5,"href":"https:\/\/wasp.ee\/fi\/wp-json\/wp\/v2\/pages\/583\/revisions"}],"predecessor-version":[{"id":809,"href":"https:\/\/wasp.ee\/fi\/wp-json\/wp\/v2\/pages\/583\/revisions\/809"}],"wp:attachment":[{"href":"https:\/\/wasp.ee\/fi\/wp-json\/wp\/v2\/media?parent=583"}],"curies":[{"name":"wp","href":"https:\/\/api.w.org\/{rel}","templated":true}]}}