{"id":778,"date":"2017-03-04T12:20:07","date_gmt":"2017-03-04T10:20:07","guid":{"rendered":"https:\/\/wasp.ee\/?page_id=778"},"modified":"2022-01-04T12:39:21","modified_gmt":"2022-01-04T10:39:21","slug":"yritys-viroon-valtakirjalla","status":"publish","type":"page","link":"https:\/\/wasp.ee\/fi\/yritys-viroon-valtakirjalla\/","title":{"rendered":"Yritys Viroon valtakirjalla"},"content":{"rendered":"<p>K\u00e4ytt\u00e4m\u00e4ll\u00e4 Wasp Project O\u00dc\u00b4n\u00a0palveluja yrityksen ostamiseen, ostajan ei v\u00e4ltt\u00e4m\u00e4tt\u00e4 ole en\u00e4\u00e4 pakko toiminnan suorittamisen takia matkustaa Viroon, sill\u00e4 tarjoamme asiakkaillemme mahdollisuuten ostaa yritys Virosta k\u00e4ytt\u00e4m\u00e4ll\u00e4 valtakirja.<\/p>\n<p>Yrityksen ostaminen valtakirjan avulla on tosin 120 \u20ac kalliimpi, koska Suomen maistraatin kiinnikkeet k\u00e4\u00e4nt\u00e4\u00e4 Virossa maksullinen virallinen tulkki.<\/p>\n<p>Me puolestamme l\u00e4het\u00e4mme s\u00e4hk\u00f6postitse ostajalle valtakirjan tekstit, samoin kuin selvitykset.<\/p>\n<p>Ostaja k\u00e4y maistraatissa ja maistraatti todistaa ostajan allekirjoituksen \u00a0sek\u00e4 laitta valtakirtjalle apostillin.\u00a0Sen j\u00e4lkeen ostaja l\u00e4hett\u00e4\u00e4 maistraatin vahvistamat valtakirjat pika-tai lentopostilla meille. Seuraavaksi allekirjoitamme Viron notaarin toimistolla ostajan puolesta myyntisopimuksen.<\/p>\n<h2>Tilaa valmisyhti\u00f6, l\u00e4het\u00e4 <a href=\"https:\/\/wasp.ee\/fi\/valmisyhtion-tilauslomake\/\">tilauslomake <\/a>nyt!<\/h2>\n","protected":false},"excerpt":{"rendered":"<p>K\u00e4ytt\u00e4m\u00e4ll\u00e4 Wasp Project O\u00dc\u00b4n\u00a0palveluja yrityksen ostamiseen, ostajan ei v\u00e4ltt\u00e4m\u00e4tt\u00e4 ole en\u00e4\u00e4 pakko toiminnan suorittamisen takia matkustaa Viroon, sill\u00e4 tarjoamme asiakkaillemme mahdollisuuten ostaa yritys Virosta k\u00e4ytt\u00e4m\u00e4ll\u00e4 valtakirja. Yrityksen ostaminen valtakirjan avulla on tosin 120 \u20ac kalliimpi, koska Suomen maistraatin kiinnikkeet k\u00e4\u00e4nt\u00e4\u00e4&hellip;<\/p>\n","protected":false},"author":1,"featured_media":0,"parent":0,"menu_order":0,"comment_status":"closed","ping_status":"closed","template":"","meta":{"footnotes":""},"class_list":["post-778","page","type-page","status-publish","hentry"],"acf":[],"_links":{"self":[{"href":"https:\/\/wasp.ee\/fi\/wp-json\/wp\/v2\/pages\/778","targetHints":{"allow":["GET"]}}],"collection":[{"href":"https:\/\/wasp.ee\/fi\/wp-json\/wp\/v2\/pages"}],"about":[{"href":"https:\/\/wasp.ee\/fi\/wp-json\/wp\/v2\/types\/page"}],"author":[{"embeddable":true,"href":"https:\/\/wasp.ee\/fi\/wp-json\/wp\/v2\/users\/1"}],"replies":[{"embeddable":true,"href":"https:\/\/wasp.ee\/fi\/wp-json\/wp\/v2\/comments?post=778"}],"version-history":[{"count":5,"href":"https:\/\/wasp.ee\/fi\/wp-json\/wp\/v2\/pages\/778\/revisions"}],"predecessor-version":[{"id":1959,"href":"https:\/\/wasp.ee\/fi\/wp-json\/wp\/v2\/pages\/778\/revisions\/1959"}],"wp:attachment":[{"href":"https:\/\/wasp.ee\/fi\/wp-json\/wp\/v2\/media?parent=778"}],"curies":[{"name":"wp","href":"https:\/\/api.w.org\/{rel}","templated":true}]}}