{"id":82,"date":"2015-03-28T16:53:34","date_gmt":"2015-03-28T14:53:34","guid":{"rendered":"http:\/\/wasp.ee\/?page_id=82"},"modified":"2022-01-11T16:27:02","modified_gmt":"2022-01-11T14:27:02","slug":"hinnat","status":"publish","type":"page","link":"https:\/\/wasp.ee\/fi\/hinnat\/","title":{"rendered":"Hinnat"},"content":{"rendered":"<h3 style=\"text-align: justify;\"><strong>Ei peitettyj\u00e4 kuluja <\/strong><em>(hintoihin sis\u00e4ltyy valtiovero, notariaattipalkkiot, pankki tai k\u00e4\u00e4nn\u00f6skustannukset sek\u00e4 muut maksut ja verot) <\/em><\/h3>\n<p style=\"text-align: justify;\"><strong>Kauppahinta on maksettava k\u00e4teisell\u00e4 notariaatissa ennen kauppakirjan allekirjoittamista ellei aikaisemmin ole sovittu toisin<\/strong> (sama koskee muita palveluja, joista on maksettava enne palvelun osoittamista).<\/p>\n<table width=\"490\">\n<tbody>\n<tr style=\"text-align: justify;\">\n<td><strong>Rajavastuuyhti\u00f6 hyllylt\u00e4 (valmis\u00a0O\u00dc), 1 henkil\u00f6<\/strong><\/td>\n<td>550\u20ac<\/td>\n<\/tr>\n<tr style=\"text-align: justify;\">\n<td>+ henkil\u00f6<\/td>\n<td>+20\u20ac<\/td>\n<\/tr>\n<tr style=\"text-align: justify;\">\n<td>+ valtakirja<\/td>\n<td>+65\u20ac<\/td>\n<\/tr>\n<tr style=\"text-align: justify;\">\n<td><\/td>\n<td><\/td>\n<\/tr>\n<tr style=\"text-align: justify;\">\n<td><strong>P\u00f6yt\u00e4laatikkoyhti\u00f6 et\u00e4palveluna, 1 henkil\u00f6<\/strong><\/td>\n<td>670\u20ac<\/td>\n<\/tr>\n<tr style=\"text-align: justify;\">\n<td>+ henkil\u00f6<\/td>\n<td>+100\u20ac<\/td>\n<\/tr>\n<tr style=\"text-align: justify;\">\n<td><\/td>\n<td><\/td>\n<\/tr>\n<tr style=\"text-align: justify;\">\n<td><\/td>\n<td><\/td>\n<\/tr>\n<tr style=\"text-align: justify;\">\n<td><\/td>\n<td><\/td>\n<\/tr>\n<tr style=\"text-align: justify;\">\n<td><strong>Osakeyhti\u00f6 hyllylt\u00e4, 1 henkil\u00f6<\/strong><\/td>\n<td>1250\u20ac<\/td>\n<\/tr>\n<tr style=\"text-align: justify;\">\n<td>+ henkil\u00f6<\/td>\n<td>+20\u20ac<\/td>\n<\/tr>\n<tr style=\"text-align: justify;\">\n<td>+ valtakirja<\/td>\n<td>+65\u20ac<\/td>\n<\/tr>\n<tr style=\"text-align: justify;\">\n<td><\/td>\n<td><\/td>\n<\/tr>\n<tr style=\"text-align: justify;\">\n<td><strong>Rajavastuuyhti\u00f6n perustaminen, 1 henkil\u00f6<\/strong><\/td>\n<td>600\u20ac<\/td>\n<\/tr>\n<tr style=\"text-align: justify;\">\n<td>+ perustaja\/ + toimitusjohtaja<\/td>\n<td>+50\u20ac \/ +20\u20ac<\/td>\n<\/tr>\n<tr style=\"text-align: justify;\">\n<td><strong>Osakeyhti\u00f6n perustaminen, 1 henkil\u00f6<\/strong><\/td>\n<td>600\u20ac<\/td>\n<\/tr>\n<tr style=\"text-align: justify;\">\n<td>+ perustaja\/ + toimitusjohtaja<\/td>\n<td>+60\u20ac \/ +20\u20ac<\/td>\n<\/tr>\n<tr style=\"text-align: justify;\">\n<td><strong>Rekisterimuutokset<\/strong><\/td>\n<td>130\u20ac<\/td>\n<\/tr>\n<tr style=\"text-align: justify;\">\n<td>Rekister\u00f6idyn p\u00e4\u00e4oman muutokset<\/td>\n<td>+40\u20ac<\/td>\n<\/tr>\n<tr style=\"text-align: justify;\">\n<td>+ hallituksen j\u00e4sen<\/td>\n<td>+20\u20ac<\/td>\n<\/tr>\n<tr style=\"text-align: justify;\">\n<td><strong>Omistajanmuutokset<\/strong><\/td>\n<td>350\u20ac<\/td>\n<\/tr>\n<tr style=\"text-align: justify;\">\n<td>+ muut muutokset (hallitus\/nimi\/osoite\/jne.)<\/td>\n<td>+100\u20ac<\/td>\n<\/tr>\n<tr style=\"text-align: justify;\">\n<td>+ yli 1 hallituksen j\u00e4sen<\/td>\n<td>+20\u20ac jokainen<\/td>\n<\/tr>\n<tr style=\"text-align: justify;\">\n<td><strong>Voittoa tavoittelematon yhti\u00f6<\/strong><\/td>\n<td>300\u20ac<\/td>\n<\/tr>\n<tr style=\"text-align: justify;\">\n<td>+ hallituksen j\u00e4sen<\/td>\n<td>+20\u20ac<\/td>\n<\/tr>\n<tr style=\"text-align: justify;\">\n<td><strong>Osoitepalvelu \/ virtuaalitoimisto <\/strong><\/td>\n<td>300\u20ac \/vuosi<\/td>\n<\/tr>\n<tr style=\"text-align: justify;\">\n<td>+ l\u00e4hetyksien tai kirjeiden l\u00e4hett\u00e4minen eteenp\u00e4in postitse tai kuriirilla<\/td>\n<td>Sopimuksen mukaan<\/td>\n<\/tr>\n<tr style=\"text-align: justify;\">\n<td><strong>Virallisesti vahvistettu rekisteriotteen k\u00e4\u00e4nn\u00f6s <\/strong><\/td>\n<td>100\u20ac<\/td>\n<\/tr>\n<tr style=\"text-align: justify;\">\n<td>+ yhti\u00f6j\u00e4rjestys<\/td>\n<td>+100\u20ac<\/td>\n<\/tr>\n<tr style=\"text-align: justify;\">\n<td>+ apostille<\/td>\n<td>+50\u20ac<\/td>\n<\/tr>\n<tr style=\"text-align: justify;\">\n<td>+ eteenp\u00e4in l\u00e4hett\u00e4minen (posti\/ kuriiri \/ Cargo)<\/td>\n<td>Sopimuksen mukaan<\/td>\n<\/tr>\n<tr style=\"text-align: justify;\">\n<td><strong>Fuusiot \/ jakautumiset \/ transformaatiot<\/strong><\/td>\n<td>600\u20ac-\u2026\u2026\u20ac<\/td>\n<\/tr>\n<tr style=\"text-align: justify;\">\n<td>+ hallituksen j\u00e4sen<\/td>\n<td>+20\u20ac<\/td>\n<\/tr>\n<tr style=\"text-align: justify;\">\n<td><strong>Purkaus<\/strong><\/td>\n<td>300\u20ac-\u2026\u2026\u20ac<\/td>\n<\/tr>\n<tr style=\"text-align: justify;\">\n<td><strong>Muu<\/strong><\/td>\n<td>Ota yhteytt\u00e4 \ud83d\ude42<\/td>\n<\/tr>\n<\/tbody>\n<\/table>\n","protected":false},"excerpt":{"rendered":"<p>Ei peitettyj\u00e4 kuluja (hintoihin sis\u00e4ltyy valtiovero, notariaattipalkkiot, pankki tai k\u00e4\u00e4nn\u00f6skustannukset sek\u00e4 muut maksut ja verot) Kauppahinta on maksettava k\u00e4teisell\u00e4 notariaatissa ennen kauppakirjan allekirjoittamista ellei aikaisemmin ole sovittu toisin (sama koskee muita palveluja, joista on maksettava enne palvelun osoittamista). Rajavastuuyhti\u00f6 hyllylt\u00e4&hellip;<\/p>\n","protected":false},"author":1,"featured_media":0,"parent":0,"menu_order":0,"comment_status":"closed","ping_status":"closed","template":"","meta":{"footnotes":""},"class_list":["post-82","page","type-page","status-publish","hentry"],"acf":[],"_links":{"self":[{"href":"https:\/\/wasp.ee\/fi\/wp-json\/wp\/v2\/pages\/82","targetHints":{"allow":["GET"]}}],"collection":[{"href":"https:\/\/wasp.ee\/fi\/wp-json\/wp\/v2\/pages"}],"about":[{"href":"https:\/\/wasp.ee\/fi\/wp-json\/wp\/v2\/types\/page"}],"author":[{"embeddable":true,"href":"https:\/\/wasp.ee\/fi\/wp-json\/wp\/v2\/users\/1"}],"replies":[{"embeddable":true,"href":"https:\/\/wasp.ee\/fi\/wp-json\/wp\/v2\/comments?post=82"}],"version-history":[{"count":13,"href":"https:\/\/wasp.ee\/fi\/wp-json\/wp\/v2\/pages\/82\/revisions"}],"predecessor-version":[{"id":460,"href":"https:\/\/wasp.ee\/fi\/wp-json\/wp\/v2\/pages\/82\/revisions\/460"}],"wp:attachment":[{"href":"https:\/\/wasp.ee\/fi\/wp-json\/wp\/v2\/media?parent=82"}],"curies":[{"name":"wp","href":"https:\/\/api.w.org\/{rel}","templated":true}]}}